{"id":44906,"date":"2024-02-24T20:49:24","date_gmt":"2024-02-24T20:49:24","guid":{"rendered":"https:\/\/vanwonderenwatches.com\/?page_id=44906"},"modified":"2024-10-21T18:57:14","modified_gmt":"2024-10-21T18:57:14","slug":"horloge-verpanden","status":"publish","type":"page","link":"https:\/\/vanwonderenwatches.com\/de\/shop\/horloge-verpanden\/","title":{"rendered":"Verpf\u00e4nde deine Uhr"},"content":{"rendered":"<div class=\"wpb-content-wrapper\"><div class=\"vc-row-container container\"><div class=\"vc_row wpb_row vc_row-fluid\"><div class=\"wpb_column vc_column_container vc_col-sm-2\"><div class=\"vc_column-inner\"><div class=\"wpb_wrapper\"><\/div><\/div><\/div><div class=\"wpb_column vc_column_container vc_col-sm-8\"><div class=\"vc_column-inner\"><div class=\"wpb_wrapper\">\n\t<div class=\"wpb_text_column wpb_content_element post-formatting\" >\n\t\t<div class=\"wpb_wrapper\">\n\t\t\t<h1><span data-olk-copy-source=\"MessageBody\">Eine Uhr verpf\u00e4nden\/ausleihen<\/span><\/h1>\n<p>&nbsp;<\/p>\n<h4 data-olk-copy-source=\"MessageBody\">Wir bieten Ihnen eine R\u00fcckkaufoption an. Sie erhalten sofort Bargeld, wobei Ihre Uhr(en) als Sicherheit dienen. Sie k\u00f6nnen Ihre Uhr innerhalb von zwei Monaten zur\u00fcckkaufen oder den Vertrag verl\u00e4ngern.<\/h4>\n<p>&nbsp;<\/p>\n<ul>\n<li>Kontaktieren Sie uns \u00fcber WhatsApp <a href=\"https:\/\/wa.me\/31686877033\" target=\"_blank\" rel=\"noopener\">+31 6 868 770 33<\/a>.<\/li>\n<li>Bitte senden Sie uns aussagekr\u00e4ftige Fotos der Uhr und des Zubeh\u00f6rs.<\/li>\n<li>Bitte geben Sie die Referenznummer, das Herstellungsjahr der Uhr und ihren Vollst\u00e4ndigkeitsgrad an.<\/li>\n<li>Teilen Sie uns bitte mit, f\u00fcr welchen Betrag Sie die Uhr verpf\u00e4nden\/verleihen m\u00f6chten.<\/li>\n<\/ul>\n<p><span style=\"color: #000000;\">\u00a0<\/span><\/p>\n<div data-olk-copy-source=\"MessageBody\">Nach sorgf\u00e4ltiger Pr\u00fcfung aller Unterlagen teilen wir Ihnen mit, inwieweit wir Ihnen helfen k\u00f6nnen und wann Sie uns kontaktieren k\u00f6nnen. Bei Ihrem Besuch in unserem Gesch\u00e4ft gehen wir alles noch einmal durch und unterzeichnen eine R\u00fcckkaufvereinbarung.<\/div>\n<p>&nbsp;<\/p>\n<div dir=\"ltr\"><\/div>\n<div dir=\"ltr\"><\/div>\n<div>Die Uhr wird sicher in unserem Tresor aufbewahrt und verbleibt dort bis zum Vertragsende (zwei Monate nach Zahlungseingang). Sie k\u00f6nnen die Uhr innerhalb dieses Zeitraums jederzeit zur\u00fcckkaufen. Nach Ablauf der zwei Monate erlischt diese Option, und die Uhr geht in unseren Besitz \u00fcber.<\/div>\n<p>&nbsp;<\/p>\n<div dir=\"ltr\"><\/div>\n<div dir=\"ltr\"><\/div>\n<div>Sie k\u00f6nnen Ihren Kredit\/Ihr Pfandrecht jeweils um zwei Monate verl\u00e4ngern. Dazu m\u00fcssen Sie uns lediglich die f\u00e4lligen Zinsen (4,51 TP3T pro Monat) per Bank\u00fcberweisung oder in unserer Filiale mit Karte oder in bar bezahlen.<\/div>\n<div dir=\"ltr\"><\/div>\n\n\t\t<\/div>\n\t<\/div>\n\n\t<div  class=\"wpb_single_image wpb_content_element vc_align_left wpb_content_element\">\n\t\t\n\t\t<figure class=\"wpb_wrapper vc_figure\">\n\t\t\t<div class=\"vc_single_image-wrapper   vc_box_border_grey\"><img loading=\"lazy\" decoding=\"async\" width=\"1620\" height=\"1080\" src=\"https:\/\/vanwonderenwatches.com\/wp-content\/uploads\/stylish-men-s-wrist-watch-man-is-watching-the-tim-2023-11-27-05-00-19-utc.jpg\" class=\"vc_single_image-img attachment-full\" alt=\"\" title=\"Stilvolle Herrenarmbanduhr, der Mann schaut auf die Zeit. Gesch\u00e4ftsmann pr\u00fcft die Uhrzeit auf seiner Armbanduhr.\" srcset=\"https:\/\/vanwonderenwatches.com\/wp-content\/uploads\/stylish-men-s-wrist-watch-man-is-watching-the-tim-2023-11-27-05-00-19-utc.jpg 1620w, https:\/\/vanwonderenwatches.com\/wp-content\/uploads\/stylish-men-s-wrist-watch-man-is-watching-the-tim-2023-11-27-05-00-19-utc-550x367.jpg 550w, https:\/\/vanwonderenwatches.com\/wp-content\/uploads\/stylish-men-s-wrist-watch-man-is-watching-the-tim-2023-11-27-05-00-19-utc-750x500.jpg 750w, https:\/\/vanwonderenwatches.com\/wp-content\/uploads\/stylish-men-s-wrist-watch-man-is-watching-the-tim-2023-11-27-05-00-19-utc-300x200.jpg 300w, https:\/\/vanwonderenwatches.com\/wp-content\/uploads\/stylish-men-s-wrist-watch-man-is-watching-the-tim-2023-11-27-05-00-19-utc-1024x683.jpg 1024w, https:\/\/vanwonderenwatches.com\/wp-content\/uploads\/stylish-men-s-wrist-watch-man-is-watching-the-tim-2023-11-27-05-00-19-utc-768x512.jpg 768w, https:\/\/vanwonderenwatches.com\/wp-content\/uploads\/stylish-men-s-wrist-watch-man-is-watching-the-tim-2023-11-27-05-00-19-utc-1536x1024.jpg 1536w, https:\/\/vanwonderenwatches.com\/wp-content\/uploads\/stylish-men-s-wrist-watch-man-is-watching-the-tim-2023-11-27-05-00-19-utc-1482x988.jpg 1482w, https:\/\/vanwonderenwatches.com\/wp-content\/uploads\/stylish-men-s-wrist-watch-man-is-watching-the-tim-2023-11-27-05-00-19-utc-1612x1075.jpg 1612w, https:\/\/vanwonderenwatches.com\/wp-content\/uploads\/stylish-men-s-wrist-watch-man-is-watching-the-tim-2023-11-27-05-00-19-utc-1116x744.jpg 1116w, https:\/\/vanwonderenwatches.com\/wp-content\/uploads\/stylish-men-s-wrist-watch-man-is-watching-the-tim-2023-11-27-05-00-19-utc-806x537.jpg 806w, https:\/\/vanwonderenwatches.com\/wp-content\/uploads\/stylish-men-s-wrist-watch-man-is-watching-the-tim-2023-11-27-05-00-19-utc-558x372.jpg 558w, https:\/\/vanwonderenwatches.com\/wp-content\/uploads\/stylish-men-s-wrist-watch-man-is-watching-the-tim-2023-11-27-05-00-19-utc-655x437.jpg 655w\" sizes=\"auto, (max-width: 1620px) 100vw, 1620px\" \/><\/div>\n\t\t<\/figure>\n\t<\/div>\n<div class=\"vc_separator wpb_content_element vc_separator_align_center vc_sep_width_100 vc_sep_border_width_10 vc_sep_pos_align_center vc_separator_no_text vc_sep_color_white wpb_content_element  wpb_content_element\" ><span class=\"vc_sep_holder vc_sep_holder_l\"><span class=\"vc_sep_line\"><\/span><\/span><span class=\"vc_sep_holder vc_sep_holder_r\"><span class=\"vc_sep_line\"><\/span><\/span>\n<\/div><\/div><\/div><\/div><div class=\"wpb_column vc_column_container vc_col-sm-2\"><div class=\"vc_column-inner\"><div class=\"wpb_wrapper\"><\/div><\/div><\/div><\/div><\/div><div class=\"vc-row-container container\"><div class=\"vc_row wpb_row vc_row-fluid\"><div class=\"wpb_column vc_column_container vc_col-sm-2\"><div class=\"vc_column-inner\"><div class=\"wpb_wrapper\"><\/div><\/div><\/div><div class=\"wpb_column vc_column_container vc_col-sm-8\"><div class=\"vc_column-inner\"><div class=\"wpb_wrapper\">\n\t<div class=\"wpb_text_column wpb_content_element post-formatting\" >\n\t\t<div class=\"wpb_wrapper\">\n\t\t\t<h1><span data-olk-copy-source=\"MessageBody\">Ben\u00f6tigen Sie vor\u00fcbergehend Bargeld\/Liquidit\u00e4t, m\u00f6chten aber Ihre Uhr nicht verlieren?<br \/>\n<\/span><\/h1>\n<p>&nbsp;<\/p>\n<h4><span style=\"color: #000000;\" data-olk-copy-source=\"MessageBody\">Verleihen Sie jetzt Ihre Rolex, Breitling, Omega oder Cartier Uhr und erhalten Sie sofort Bargeld!<\/span><\/h4>\n<p>&nbsp;<\/p>\n<div data-olk-copy-source=\"MessageBody\"><strong>Vorteile:<\/strong><\/div>\n<p>&nbsp;<\/p>\n<div dir=\"ltr\"><\/div>\n<div dir=\"ltr\"><\/div>\n<div>\u2022 Sofortige Barauszahlung oder direkte Einzahlung auf Ihr Konto<\/div>\n<div>\u2022 Geek BKR-Registrierung<\/div>\n<div>\u2022 Diskret, sicher und zuverl\u00e4ssig<\/div>\n<div>\u2022 Kostenlose Bewertung<\/div>\n<div>\u2022 Keine Bonit\u00e4tspr\u00fcfung<\/div>\n<div>\u2022 Sie bleiben der Eigent\u00fcmer<\/div>\n<div dir=\"ltr\"><\/div>\n<div dir=\"ltr\"><\/div>\n<p>&nbsp;<\/p>\n<div>Van Wonderen Watches verf\u00fcgt \u00fcber mehr als 10 Jahre Erfahrung im An- und Verkauf von Uhren sowie im Verpf\u00e4nden und Verleihen von Uhren.<\/div>\n<p>&nbsp;<\/p>\n<div dir=\"ltr\"><\/div>\n<div dir=\"ltr\"><\/div>\n<div><strong>Bedingungen:<\/strong><\/div>\n<p>&nbsp;<\/p>\n<div dir=\"ltr\"><\/div>\n<div dir=\"ltr\"><\/div>\n<div>\u2022 Sie m\u00fcssen mindestens 18 Jahre alt sein.<\/div>\n<div>\u2022 Ausweis erforderlich<\/div>\n<div>\u2022 Die Uhr muss Ihr Eigentum sein.<\/div>\n\n\t\t<\/div>\n\t<\/div>\n<div class=\"vc_separator wpb_content_element vc_separator_align_center vc_sep_width_100 vc_sep_border_width_10 vc_sep_pos_align_center vc_separator_no_text vc_sep_color_white wpb_content_element  wpb_content_element\" ><span class=\"vc_sep_holder vc_sep_holder_l\"><span class=\"vc_sep_line\"><\/span><\/span><span class=\"vc_sep_holder vc_sep_holder_r\"><span class=\"vc_sep_line\"><\/span><\/span>\n<\/div><\/div><\/div><\/div><div class=\"wpb_column vc_column_container vc_col-sm-2\"><div class=\"vc_column-inner\"><div class=\"wpb_wrapper\"><\/div><\/div><\/div><\/div><\/div>\n<\/div>","protected":false},"excerpt":{"rendered":"Horloge verpanden\/belenen &nbsp; Wij bieden u een terugkoop optie aan. U krijgt direct (contant) geld met uw horloge(s) als onderpand. U kunt uw horloge binnen 2 maanden weer terugkopen of het contract verlengen. &nbsp; Neem contact op per whatsapp +31 6 868 770 33. Stuur ons duidelijke foto\u2019s van het horloge en de toebehoren Geef&hellip;","protected":false},"author":1,"featured_media":0,"parent":1447,"menu_order":0,"comment_status":"closed","ping_status":"closed","template":"","meta":{"_acf_changed":false,"_joinchat":[],"footnotes":""},"class_list":["post-44906","page","type-page","status-publish","hentry"],"acf":[],"_links":{"self":[{"href":"https:\/\/vanwonderenwatches.com\/de\/wp-json\/wp\/v2\/pages\/44906","targetHints":{"allow":["GET"]}}],"collection":[{"href":"https:\/\/vanwonderenwatches.com\/de\/wp-json\/wp\/v2\/pages"}],"about":[{"href":"https:\/\/vanwonderenwatches.com\/de\/wp-json\/wp\/v2\/types\/page"}],"author":[{"embeddable":true,"href":"https:\/\/vanwonderenwatches.com\/de\/wp-json\/wp\/v2\/users\/1"}],"replies":[{"embeddable":true,"href":"https:\/\/vanwonderenwatches.com\/de\/wp-json\/wp\/v2\/comments?post=44906"}],"version-history":[{"count":22,"href":"https:\/\/vanwonderenwatches.com\/de\/wp-json\/wp\/v2\/pages\/44906\/revisions"}],"predecessor-version":[{"id":45951,"href":"https:\/\/vanwonderenwatches.com\/de\/wp-json\/wp\/v2\/pages\/44906\/revisions\/45951"}],"up":[{"embeddable":true,"href":"https:\/\/vanwonderenwatches.com\/de\/wp-json\/wp\/v2\/pages\/1447"}],"wp:attachment":[{"href":"https:\/\/vanwonderenwatches.com\/de\/wp-json\/wp\/v2\/media?parent=44906"}],"curies":[{"name":"wp","href":"https:\/\/api.w.org\/{rel}","templated":true}]}}