{"id":22541,"date":"2021-06-02T07:52:14","date_gmt":"2021-06-02T07:52:14","guid":{"rendered":"https:\/\/vanwonderenwatches.com\/shop-2\/about-us\/"},"modified":"2021-06-02T07:52:16","modified_gmt":"2021-06-02T07:52:16","slug":"about-us","status":"publish","type":"page","link":"https:\/\/vanwonderenwatches.com\/de\/shop-2\/about-us\/","title":{"rendered":"About us"},"content":{"rendered":"<div class=\"wpb-content-wrapper\"><div class=\"vc-row-container container parent--about-us\"><div class=\"vc_row wpb_row vc_row-fluid about-us\"><div class=\"wpb_column vc_column_container vc_col-sm-7 vc_col-xs-12\"><div class=\"vc_column-inner\"><div class=\"wpb_wrapper\">\n\t<div class=\"wpb_text_column wpb_content_element post-formatting\" >\n\t\t<div class=\"wpb_wrapper\">\n\t\t\t<p>Van Wonderen Watches entstand aus der Leidenschaft f\u00fcr Uhren und unserem unternehmerischen Geist. Wir sind seit 2015 in dieser Branche t\u00e4tig und tun dies mit gro\u00dfer Freude.<\/p>\n<p>Van Wonderen Watches ist auf den An- und Verkauf von neuen und gebrauchten Markenuhren spezialisiert. Wir bieten auch Inzahlungnahmen an und Sie haben die M\u00f6glichkeit, Ihre Uhr bei uns in Kommission zu geben.<br \/>\nIn unserem Sortiment finden Sie ausschlie\u00dflich Originaluhren, die mit Garantie verkauft werden!<\/p>\n<p>Wir denken stets mit unseren Kunden und unterbreiten ihnen bei Bedarf attraktive Inzahlungnahme- oder Kaufangebote. Lesen Sie unsere Bewertungen auf Google, Trustpilot oder Chrono24. Wir sind flexibel und reagieren schnell auf Kundenw\u00fcnsche. Wir handeln verantwortungsbewusst und setzen alles daran, unsere Kunden von unserer Website, unserem Service und unserem Vertriebsteam zu begeistern.<\/p>\n<p>Unser Verkaufsteam besteht aus Simon, Martijn und Rick, die Ihnen bei Kauf, Verkauf oder Inzahlungnahme Ihres Gebrauchtwagens jederzeit gerne behilflich sind. Kontaktieren Sie uns einfach, wenn Sie Fragen haben!<\/p>\n<p>Alle unsere Uhren wurden gepr\u00fcft und werden immer mit mindestens 1 Jahr Garantie verkauft!<\/p>\n\n\t\t<\/div>\n\t<\/div>\n<\/div><\/div><\/div><div class=\"wpb_column vc_column_container vc_col-sm-1 vc_hidden-md vc_hidden-sm vc_hidden-xs\"><div class=\"vc_column-inner\"><div class=\"wpb_wrapper\"><\/div><\/div><\/div><div class=\"wpb_column vc_column_container vc_col-sm-4\"><div class=\"vc_column-inner\"><div class=\"wpb_wrapper\">\n\t<div class=\"wpb_text_column wpb_content_element working-hours post-formatting\" >\n\t\t<div class=\"wpb_wrapper\">\n\t\t\t<table style=\"width: 100%;\">\n<tbody>\n<tr>\n<td><span style=\"color: #000000;\"><strong>Montag<\/strong><\/span><\/td>\n<td>13:00<\/td>\n<td>18:00<\/td>\n<\/tr>\n<tr>\n<td><span style=\"color: #000000;\"><strong>Dienstag<\/strong><\/span><\/td>\n<td>10:00<\/td>\n<td>18:00<\/td>\n<\/tr>\n<tr>\n<td><span style=\"color: #000000;\"><strong>Mittwoch<\/strong><\/span><\/td>\n<td>10:00<\/td>\n<td>18:00<\/td>\n<\/tr>\n<tr>\n<td><span style=\"color: #000000;\"><strong>Donnerstag<\/strong><\/span><\/td>\n<td>10:00<\/td>\n<td>18:00<\/td>\n<\/tr>\n<tr>\n<td><span style=\"color: #000000;\"><strong>Freitag<\/strong><\/span><\/td>\n<td>10:00<\/td>\n<td>18:00<\/td>\n<\/tr>\n<tr>\n<td><span style=\"color: #000000;\"><strong>Samstag<\/strong><\/span><\/td>\n<td>10:00<\/td>\n<td>17:00<\/td>\n<\/tr>\n<tr>\n<td><span style=\"color: #000000;\"><strong>Sonntag<\/strong><\/span><\/td>\n<td>Geschlossen<\/td>\n<td><\/td>\n<\/tr>\n<\/tbody>\n<\/table>\n<p><!-- DivTable.com --><\/p>\n\n\t\t<\/div>\n\t<\/div>\n<\/div><\/div><\/div><\/div><\/div>\n<\/div>","protected":false},"excerpt":{"rendered":"Van Wonderen Watches was born out of love for watches and our mercantile spirit. We have been operational in this industry since 2015 and always enjoy doing so. Van Wonderen Watches focuses on the sale and purchase of new and used brand watches. We also do trade-ins and there is the possibility to sell your&hellip;","protected":false},"author":1,"featured_media":0,"parent":22507,"menu_order":0,"comment_status":"closed","ping_status":"closed","template":"","meta":{"_acf_changed":false,"_joinchat":[],"footnotes":""},"class_list":["post-22541","page","type-page","status-publish","hentry"],"acf":[],"_links":{"self":[{"href":"https:\/\/vanwonderenwatches.com\/de\/wp-json\/wp\/v2\/pages\/22541","targetHints":{"allow":["GET"]}}],"collection":[{"href":"https:\/\/vanwonderenwatches.com\/de\/wp-json\/wp\/v2\/pages"}],"about":[{"href":"https:\/\/vanwonderenwatches.com\/de\/wp-json\/wp\/v2\/types\/page"}],"author":[{"embeddable":true,"href":"https:\/\/vanwonderenwatches.com\/de\/wp-json\/wp\/v2\/users\/1"}],"replies":[{"embeddable":true,"href":"https:\/\/vanwonderenwatches.com\/de\/wp-json\/wp\/v2\/comments?post=22541"}],"version-history":[{"count":0,"href":"https:\/\/vanwonderenwatches.com\/de\/wp-json\/wp\/v2\/pages\/22541\/revisions"}],"up":[{"embeddable":true,"href":"https:\/\/vanwonderenwatches.com\/de\/wp-json\/wp\/v2\/pages\/22507"}],"wp:attachment":[{"href":"https:\/\/vanwonderenwatches.com\/de\/wp-json\/wp\/v2\/media?parent=22541"}],"curies":[{"name":"wp","href":"https:\/\/api.w.org\/{rel}","templated":true}]}}