{"id":1446,"date":"2016-09-27T12:13:03","date_gmt":"2016-09-27T12:13:03","guid":{"rendered":"http:\/\/demo-content.kaliumtheme.com\/fashion\/?page_id=2"},"modified":"2021-03-19T21:24:57","modified_gmt":"2021-03-19T21:24:57","slug":"over-ons","status":"publish","type":"page","link":"https:\/\/vanwonderenwatches.com\/de\/shop\/over-ons\/","title":{"rendered":"\u00dcber uns"},"content":{"rendered":"<div class=\"wpb-content-wrapper\"><div class=\"vc-row-container container parent--about-us\"><div class=\"vc_row wpb_row vc_row-fluid about-us\"><div class=\"wpb_column vc_column_container vc_col-sm-7 vc_col-xs-12\"><div class=\"vc_column-inner\"><div class=\"wpb_wrapper\">\n\t<div class=\"wpb_text_column wpb_content_element post-formatting\" >\n\t\t<div class=\"wpb_wrapper\">\n\t\t\t<p>Van Wonderen Watches entstand aus der Leidenschaft f\u00fcr Uhren und unserem Unternehmergeist. Wir sind seit 2015 in dieser Branche t\u00e4tig und haben unsere Arbeit stets mit Freude ausge\u00fcbt.<\/p>\n<p>Van Wonderen Watches ist spezialisiert auf den An- und Verkauf von neuen und gebrauchten Markenuhren. Wir nehmen auch Uhren in Zahlung und bieten die M\u00f6glichkeit, Ihre Uhr in Kommission zu verkaufen.<br \/>\nIn unserem Sortiment finden Sie ausschlie\u00dflich Originaluhren, die mit Garantie verkauft werden!<\/p>\n<p>Wir sind stets bestrebt, proaktiv auf unsere Kunden zuzugehen und ihnen gegebenenfalls ein attraktives Angebot f\u00fcr Inzahlungnahme oder Kauf zu unterbreiten. Lesen Sie unsere Bewertungen auf Google, Trustpilot oder Chrono24. Wir reagieren schnell und sind flexibel. Integrit\u00e4t und Verantwortungsbewusstsein sind uns wichtig, und wir setzen alles daran, unsere Kunden von unserer Website, unserem Service und unserem Vertriebsteam zu begeistern.<\/p>\n<p>Unser Verkaufsteam besteht aus Simon, Martijn und Rick, die Ihnen rund um die Uhr bei Kauf, Verkauf oder Inzahlungnahme behilflich sind. Kontaktieren Sie uns gerne bei Fragen!<\/p>\n<p>Alle unsere Uhren werden gepr\u00fcft und immer mit einer Garantie von mindestens 1 Jahr verkauft!<\/p>\n\n\t\t<\/div>\n\t<\/div>\n<\/div><\/div><\/div><div class=\"wpb_column vc_column_container vc_col-sm-1 vc_hidden-md vc_hidden-sm vc_hidden-xs\"><div class=\"vc_column-inner\"><div class=\"wpb_wrapper\"><\/div><\/div><\/div><div class=\"wpb_column vc_column_container vc_col-sm-4\"><div class=\"vc_column-inner\"><div class=\"wpb_wrapper\">\n\t<div class=\"wpb_text_column wpb_content_element working-hours post-formatting\" >\n\t\t<div class=\"wpb_wrapper\">\n\t\t\t<table style=\"width: 100%;\">\n<tbody>\n<tr>\n<td><span style=\"color: #000000;\"><strong>Montag<\/strong><\/span><\/td>\n<td>13:00<\/td>\n<td>18:00<\/td>\n<\/tr>\n<tr>\n<td><span style=\"color: #000000;\"><strong>Dienstag<\/strong><\/span><\/td>\n<td>10:00<\/td>\n<td>18:00<\/td>\n<\/tr>\n<tr>\n<td><span style=\"color: #000000;\"><strong>Mittwoch<\/strong><\/span><\/td>\n<td>10:00<\/td>\n<td>18:00<\/td>\n<\/tr>\n<tr>\n<td><span style=\"color: #000000;\"><strong>Donnerstag<\/strong><\/span><\/td>\n<td>10:00<\/td>\n<td>18:00<\/td>\n<\/tr>\n<tr>\n<td><span style=\"color: #000000;\"><strong>Freitag<\/strong><\/span><\/td>\n<td>10:00<\/td>\n<td>18:00<\/td>\n<\/tr>\n<tr>\n<td><span style=\"color: #000000;\"><strong>Samstag<\/strong><\/span><\/td>\n<td>10:00<\/td>\n<td>17:00<\/td>\n<\/tr>\n<tr>\n<td><span style=\"color: #000000;\"><strong>Sonntag<\/strong><\/span><\/td>\n<td>Geschlossen<\/td>\n<td><\/td>\n<\/tr>\n<\/tbody>\n<\/table>\n<p><!-- DivTable.com --><\/p>\n\n\t\t<\/div>\n\t<\/div>\n<\/div><\/div><\/div><\/div><\/div>\n<\/div>","protected":false},"excerpt":{"rendered":"Vanuit liefde voor horloges en onze handelsgeest is van Wonderen Watches ontstaan. Wij zijn sinds 2015 operationeel in deze branche en doen dit immer met veel plezier. Van Wonderen Watches richt zich op de aan en verkoop van nieuw en gebruikte merk horloges. Daarbij doen wij ook aan inruil en bestaat de mogelijkheid uw horloge&hellip;","protected":false},"author":1,"featured_media":0,"parent":1447,"menu_order":0,"comment_status":"closed","ping_status":"closed","template":"","meta":{"_acf_changed":false,"_joinchat":[],"footnotes":""},"class_list":["post-1446","page","type-page","status-publish","hentry"],"acf":[],"_links":{"self":[{"href":"https:\/\/vanwonderenwatches.com\/de\/wp-json\/wp\/v2\/pages\/1446","targetHints":{"allow":["GET"]}}],"collection":[{"href":"https:\/\/vanwonderenwatches.com\/de\/wp-json\/wp\/v2\/pages"}],"about":[{"href":"https:\/\/vanwonderenwatches.com\/de\/wp-json\/wp\/v2\/types\/page"}],"author":[{"embeddable":true,"href":"https:\/\/vanwonderenwatches.com\/de\/wp-json\/wp\/v2\/users\/1"}],"replies":[{"embeddable":true,"href":"https:\/\/vanwonderenwatches.com\/de\/wp-json\/wp\/v2\/comments?post=1446"}],"version-history":[{"count":0,"href":"https:\/\/vanwonderenwatches.com\/de\/wp-json\/wp\/v2\/pages\/1446\/revisions"}],"up":[{"embeddable":true,"href":"https:\/\/vanwonderenwatches.com\/de\/wp-json\/wp\/v2\/pages\/1447"}],"wp:attachment":[{"href":"https:\/\/vanwonderenwatches.com\/de\/wp-json\/wp\/v2\/media?parent=1446"}],"curies":[{"name":"wp","href":"https:\/\/api.w.org\/{rel}","templated":true}]}}